{"id":70,"date":"2026-02-13T14:08:15","date_gmt":"2026-02-13T14:08:15","guid":{"rendered":"https:\/\/yunobed.nl\/?post_type=product&#038;p=70"},"modified":"2026-04-21T21:45:12","modified_gmt":"2026-04-21T21:45:12","slug":"yuno-16-in-1-nekkussen","status":"publish","type":"product","link":"https:\/\/yunobed.nl\/index.php\/product\/yuno-16-in-1-nekkussen\/","title":{"rendered":"YUNO 16-in-1 nekkussen"},"content":{"rendered":"<div>\n<h2><span style=\"color: #000000;\">Mijn 16 in 1 nekkussen<\/span><\/h2>\n<p><span style=\"color: #000000;\">De gemiddelde mens bestaat niet. Je hoofdkussen kan dan ook maar beter zo uniek zijn als jezelf. Samen met rugspecialisten en ergotherapeuten ontwikkelden we een hoofdkussen dat je zelf kan aanpassen aan jouw persoonlijke voorkeuren en lichaamsbouw. Heb je ook een YUNO matras? Dan bepaalt de<\/span> <a href=\"http:\/\/kreatixlabs.be\/yuno\/digitale-meting\/\">meting<\/a> <span style=\"color: #000000;\">de samenstelling van je nekkussen.<\/span><\/p>\n<h2><span style=\"color: #000000;\">100% correcte slaaphouding<\/span><\/h2>\n<p><span style=\"color: #000000;\">Een goed hoofdkussen is onontbeerlijk voor een correcte slaaphouding. Alleen wanneer de nekwervels mooi horizontaal aansluiten bij de rugwervels worden nek en hoofd juist ondersteund.<\/span><br \/>\n<span style=\"color: #000000;\">Dankzij de anatomische verhoging ontspannen je nekspieren en kunnen de tussenwervelschijven van de halsstreek ongehinderd weer het vocht opnemen, dat ze overdag verloren hebben.<strong> Dit kussen is geschikt voor rug en zijslapers.<\/strong><\/span><br \/>\n<span style=\"color: #000000;\">Ben je een buikslaper? Dan hebben we een ander<\/span> <a href=\"https:\/\/yuno.be\/product\/hoofdkussen-voor-rug-en-buikslapers\/\">hoofdkussen<\/a> <span style=\"color: #000000;\">voor jou.<\/span><\/p>\n<h2>Kussenkern<\/h2>\n<p><span style=\"color: #000000;\">YUNO ontwikkelde dit bijzondere ergonomische hoofdkussen in samenwerking met ergotherapeuten en rug-specialisten. Custom8, spin-off van de KU Leuven onderzocht, testte en werkte het idee verder uit. De opvallende vorm staat garant staat voor een correcte slaaphouding.<\/span><br \/>\n<span style=\"color: #000000;\">De kussenkern bestaat uit 100% naturalis schuim en is 100% made in Belgium.<\/span><\/p>\n<h2>Hoe werkt het?<\/h2>\n<ol>\n<li style=\"list-style-type: none;\">\n<ol>\n<li><span style=\"color: #000000;\">Jouw YUNO kussen-kit om jouw persoonlijk nekkussen samen te stellen.<\/span><\/li>\n<li><span style=\"color: #000000;\">Afhankelijk van de breedte van je hals, kies je voor de hoge of lage zijde van het YUNO hoofdkussen<\/span><\/li>\n<li><span style=\"color: #000000;\">Afhankelijk van je lichaamsbouw, en de breedte van je schouders, voeg je \u00e9\u00e9n, twee of drie onderpads toe. Samen met de keuze tussen de hoge en de lage zijde, cre\u00eber je op die manier zestien verschillende hoogtes voor een perfecte slaaphouding.<\/span><\/li>\n<\/ol>\n<\/li>\n<\/ol>\n<p><img fetchpriority=\"high\" decoding=\"async\" class=\"alignnone wp-image-1799\" src=\"https:\/\/yuno.be\/wp-content\/uploads\/2019\/10\/16in1-nekkusen-met-layers-scaled.jpg\" alt=\"\" width=\"550\" height=\"454\" \/><\/p>\n<p>Heb je ook een YUNO matras? Dan berekende het algoritme de correcte samenstelling reeds voor jou.<\/p>\n<p><img decoding=\"async\" class=\"alignnone size-full wp-image-2629\" src=\"https:\/\/yuno.be\/wp-content\/uploads\/2019\/10\/correct-400x186-1-e1604430277845.png\" alt=\"\" width=\"400\" height=\"186\" \/> <img decoding=\"async\" class=\"alignnone size-full wp-image-2628\" src=\"https:\/\/yuno.be\/wp-content\/uploads\/2019\/10\/wrong-400x185-1.png\" alt=\"\" width=\"400\" height=\"185\" \/><\/p>\n<\/div>\n","protected":false},"excerpt":{"rendered":"<ul>\n<li><span style=\"text-decoration: underline;\"><span style=\"color: #ff0000; text-decoration: underline;\"><strong>Gratis<\/strong> <\/span><\/span>verzending<\/li>\n<li><span style=\"text-decoration: underline;\"><span style=\"color: #ff0000; text-decoration: underline;\"><strong>Gratis<\/strong> <\/span><\/span>retour<\/li>\n<li>3 <strong>onderplaatjes<\/strong> om de hoogte van het kussen aan te passen: 1 cm, 1,5 cm, 2 cm<\/li>\n<li>Levering binnen 5<strong>\u00a0werkdagen<\/strong><\/li>\n<li>Levering aan huis of waar u wenst<\/li>\n<li>5 jaar garantie<\/li>\n<\/ul>\n","protected":false},"featured_media":71,"comment_status":"open","ping_status":"closed","template":"","meta":{"_uag_custom_page_level_css":"","site-sidebar-layout":"default","site-content-layout":"","ast-site-content-layout":"default","site-content-style":"default","site-sidebar-style":"default","ast-global-header-display":"","ast-banner-title-visibility":"","ast-main-header-display":"","ast-hfb-above-header-display":"","ast-hfb-below-header-display":"","ast-hfb-mobile-header-display":"","site-post-title":"","ast-breadcrumbs-content":"","ast-featured-img":"","footer-sml-layout":"","ast-disable-related-posts":"","theme-transparent-header-meta":"default","adv-header-id-meta":"","stick-header-meta":"","header-above-stick-meta":"","header-main-stick-meta":"","header-below-stick-meta":"","astra-migrate-meta-layouts":"set","ast-page-background-enabled":"default","ast-page-background-meta":{"desktop":{"background-color":"var(--ast-global-color-5)","background-image":"","background-repeat":"repeat","background-position":"center center","background-size":"auto","background-attachment":"scroll","background-type":"","background-media":"","overlay-type":"","overlay-color":"","overlay-opacity":"","overlay-gradient":""},"tablet":{"background-color":"","background-image":"","background-repeat":"repeat","background-position":"center center","background-size":"auto","background-attachment":"scroll","background-type":"","background-media":"","overlay-type":"","overlay-color":"","overlay-opacity":"","overlay-gradient":""},"mobile":{"background-color":"","background-image":"","background-repeat":"repeat","background-position":"center center","background-size":"auto","background-attachment":"scroll","background-type":"","background-media":"","overlay-type":"","overlay-color":"","overlay-opacity":"","overlay-gradient":""}},"ast-content-background-meta":{"desktop":{"background-color":"var(--ast-global-color-4)","background-image":"","background-repeat":"repeat","background-position":"center center","background-size":"auto","background-attachment":"scroll","background-type":"","background-media":"","overlay-type":"","overlay-color":"","overlay-opacity":"","overlay-gradient":""},"tablet":{"background-color":"var(--ast-global-color-4)","background-image":"","background-repeat":"repeat","background-position":"center center","background-size":"auto","background-attachment":"scroll","background-type":"","background-media":"","overlay-type":"","overlay-color":"","overlay-opacity":"","overlay-gradient":""},"mobile":{"background-color":"var(--ast-global-color-4)","background-image":"","background-repeat":"repeat","background-position":"center center","background-size":"auto","background-attachment":"scroll","background-type":"","background-media":"","overlay-type":"","overlay-color":"","overlay-opacity":"","overlay-gradient":""}}},"product_brand":[],"product_cat":[18,19],"product_tag":[],"class_list":{"0":"post-70","1":"product","2":"type-product","3":"status-publish","4":"has-post-thumbnail","6":"product_cat-uncategorized","7":"product_cat-kussens","8":"desktop-align-left","9":"tablet-align-left","10":"mobile-align-left","12":"first","13":"instock","14":"shipping-taxable","15":"purchasable","16":"product-type-simple"},"uagb_featured_image_src":{"full":["https:\/\/yunobed.nl\/wp-content\/uploads\/2026\/02\/16in1-nekkusen-met-layers-scaled-1.jpg",2560,2111,false],"thumbnail":["https:\/\/yunobed.nl\/wp-content\/uploads\/2026\/02\/16in1-nekkusen-met-layers-scaled-1-150x150.jpg",150,150,true],"medium":["https:\/\/yunobed.nl\/wp-content\/uploads\/2026\/02\/16in1-nekkusen-met-layers-scaled-1-300x247.jpg",300,247,true],"medium_large":["https:\/\/yunobed.nl\/wp-content\/uploads\/2026\/02\/16in1-nekkusen-met-layers-scaled-1-768x633.jpg",768,633,true],"large":["https:\/\/yunobed.nl\/wp-content\/uploads\/2026\/02\/16in1-nekkusen-met-layers-scaled-1-1024x844.jpg",1024,844,true],"1536x1536":["https:\/\/yunobed.nl\/wp-content\/uploads\/2026\/02\/16in1-nekkusen-met-layers-scaled-1-1536x1267.jpg",1536,1267,true],"2048x2048":["https:\/\/yunobed.nl\/wp-content\/uploads\/2026\/02\/16in1-nekkusen-met-layers-scaled-1-2048x1689.jpg",2048,1689,true],"woocommerce_thumbnail":["https:\/\/yunobed.nl\/wp-content\/uploads\/2026\/02\/16in1-nekkusen-met-layers-scaled-1-300x300.jpg",300,300,true],"woocommerce_single":["https:\/\/yunobed.nl\/wp-content\/uploads\/2026\/02\/16in1-nekkusen-met-layers-scaled-1-600x495.jpg",600,495,true],"woocommerce_gallery_thumbnail":["https:\/\/yunobed.nl\/wp-content\/uploads\/2026\/02\/16in1-nekkusen-met-layers-scaled-1-100x100.jpg",100,100,true]},"uagb_author_info":{"display_name":"yunobednl","author_link":"https:\/\/yunobed.nl\/index.php\/author\/"},"uagb_comment_info":1,"uagb_excerpt":"Gratis verzending Gratis retour 3 onderplaatjes om de hoogte van het kussen aan te passen: 1 cm, 1,5 cm, 2 cm Levering binnen 5\u00a0werkdagen Levering aan huis of waar u wenst 5 jaar garantie","_links":{"self":[{"href":"https:\/\/yunobed.nl\/index.php\/wp-json\/wp\/v2\/product\/70","targetHints":{"allow":["GET"]}}],"collection":[{"href":"https:\/\/yunobed.nl\/index.php\/wp-json\/wp\/v2\/product"}],"about":[{"href":"https:\/\/yunobed.nl\/index.php\/wp-json\/wp\/v2\/types\/product"}],"replies":[{"embeddable":true,"href":"https:\/\/yunobed.nl\/index.php\/wp-json\/wp\/v2\/comments?post=70"}],"wp:featuredmedia":[{"embeddable":true,"href":"https:\/\/yunobed.nl\/index.php\/wp-json\/wp\/v2\/media\/71"}],"wp:attachment":[{"href":"https:\/\/yunobed.nl\/index.php\/wp-json\/wp\/v2\/media?parent=70"}],"wp:term":[{"taxonomy":"product_brand","embeddable":true,"href":"https:\/\/yunobed.nl\/index.php\/wp-json\/wp\/v2\/product_brand?post=70"},{"taxonomy":"product_cat","embeddable":true,"href":"https:\/\/yunobed.nl\/index.php\/wp-json\/wp\/v2\/product_cat?post=70"},{"taxonomy":"product_tag","embeddable":true,"href":"https:\/\/yunobed.nl\/index.php\/wp-json\/wp\/v2\/product_tag?post=70"}],"curies":[{"name":"wp","href":"https:\/\/api.w.org\/{rel}","templated":true}]}}